{"id":5836,"date":"2023-06-30T17:47:29","date_gmt":"2023-06-30T23:47:29","guid":{"rendered":"https:\/\/volcanotravelcostarica.com\/transporte-privado\/"},"modified":"2026-03-03T22:24:07","modified_gmt":"2026-03-04T04:24:07","slug":"transporte-privado","status":"publish","type":"page","link":"https:\/\/volcanotravelcostarica.com\/es\/transporte-privado\/","title":{"rendered":"Transporte privado"},"content":{"rendered":"\t\t<div data-elementor-type=\"wp-page\" data-elementor-id=\"5836\" class=\"elementor elementor-5836 elementor-41\" data-elementor-post-type=\"page\">\n\t\t\t\t\t\t<section class=\"elementor-section elementor-top-section elementor-element elementor-element-ef0653e elementor-section-boxed elementor-section-height-default elementor-section-height-default\" data-id=\"ef0653e\" data-element_type=\"section\" data-e-type=\"section\">\n\t\t\t\t\t\t<div class=\"elementor-container elementor-column-gap-default\">\n\t\t\t\t\t<div class=\"elementor-column elementor-col-100 elementor-top-column elementor-element elementor-element-d64b56b\" data-id=\"d64b56b\" data-element_type=\"column\" data-e-type=\"column\">\n\t\t\t<div class=\"elementor-widget-wrap elementor-element-populated\">\n\t\t\t\t\t\t<div class=\"elementor-element elementor-element-120 elementor-widget__width-initial elementor-widget elementor-widget-global elementor-global-120 elementor-widget-text-editor\" data-id=\"120\" data-element_type=\"widget\" data-e-type=\"widget\" data-widget_type=\"text-editor.default\">\n\t\t\t\t<div class=\"elementor-widget-container\">\n\t\t\t\t\t\t\t\t\t<h2>20 years of delivering<\/h2><h2>quality &amp; unique experiences<\/h2>\t\t\t\t\t\t\t\t<\/div>\n\t\t\t\t<\/div>\n\t\t\t\t<div class=\"elementor-element elementor-element-123 elementor-widget-divider--view-line elementor-widget elementor-widget-global elementor-global-123 elementor-widget-divider\" data-id=\"123\" data-element_type=\"widget\" data-e-type=\"widget\" data-widget_type=\"divider.default\">\n\t\t\t\t<div class=\"elementor-widget-container\">\n\t\t\t\t\t\t\t<div class=\"elementor-divider\">\n\t\t\t<span class=\"elementor-divider-separator\">\n\t\t\t\t\t\t<\/span>\n\t\t<\/div>\n\t\t\t\t\t\t<\/div>\n\t\t\t\t<\/div>\n\t\t\t\t\t<\/div>\n\t\t<\/div>\n\t\t\t\t\t<\/div>\n\t\t<\/section>\n\t\t\t\t<section class=\"elementor-section elementor-top-section elementor-element elementor-element-3ddb399 elementor-section-boxed elementor-section-height-default elementor-section-height-default\" data-id=\"3ddb399\" data-element_type=\"section\" data-e-type=\"section\">\n\t\t\t\t\t\t<div class=\"elementor-container elementor-column-gap-default\">\n\t\t\t\t\t<div class=\"elementor-column elementor-col-100 elementor-top-column elementor-element elementor-element-7f25daa\" data-id=\"7f25daa\" data-element_type=\"column\" data-e-type=\"column\">\n\t\t\t<div class=\"elementor-widget-wrap elementor-element-populated\">\n\t\t\t\t\t\t<div class=\"elementor-element elementor-element-a46260d elementor-widget elementor-widget-text-editor\" data-id=\"a46260d\" data-element_type=\"widget\" data-e-type=\"widget\" data-widget_type=\"text-editor.default\">\n\t\t\t\t<div class=\"elementor-widget-container\">\n\t\t\t\t\t\t\t\t\t<h1>Transporte privado<\/h1>\t\t\t\t\t\t\t\t<\/div>\n\t\t\t\t<\/div>\n\t\t\t\t<div class=\"elementor-element elementor-element-1c983c2 elementor-widget elementor-widget-search\" data-id=\"1c983c2\" data-element_type=\"widget\" data-e-type=\"widget\" data-settings=\"{&quot;submit_trigger&quot;:&quot;key_enter&quot;,&quot;live_results&quot;:&quot;yes&quot;,&quot;template_id&quot;:&quot;5614&quot;,&quot;minimum_search_characters&quot;:3,&quot;pagination_type_options&quot;:&quot;none&quot;,&quot;results_is_dropdown_width&quot;:&quot;search_field&quot;}\" data-widget_type=\"search.default\">\n\t\t\t\t<div class=\"elementor-widget-container\">\n\t\t\t\t\t\t\t<search class=\"e-search hidden\" role=\"search\">\n\t\t\t<form class=\"e-search-form\" action=\"https:\/\/volcanotravelcostarica.com\/es\/\" method=\"get\">\n\n\t\t\t\t\n\t\t\t\t<label class=\"e-search-label\" for=\"search-1c983c2\">\n\t\t\t\t\t<span class=\"elementor-screen-only\">\n\t\t\t\t\t\tBuscar\t\t\t\t\t<\/span>\n\t\t\t\t\t\t\t\t\t<\/label>\n\n\t\t\t\t<div class=\"e-search-input-wrapper\">\n\t\t\t\t\t<input id=\"search-1c983c2\" placeholder=\"Escriba el lugar de salida o destino\" class=\"e-search-input\" type=\"search\" name=\"s\" value=\"\" autocomplete=\"on\" role=\"combobox\" aria-autocomplete=\"list\" aria-expanded=\"false\" aria-controls=\"results-1c983c2\" aria-haspopup=\"listbox\">\n\t\t\t\t\t<svg aria-hidden=\"true\" class=\"e-font-icon-svg e-fas-times\" viewBox=\"0 0 352 512\" xmlns=\"http:\/\/www.w3.org\/2000\/svg\"><path d=\"M242.72 256l100.07-100.07c12.28-12.28 12.28-32.19 0-44.48l-22.24-22.24c-12.28-12.28-32.19-12.28-44.48 0L176 189.28 75.93 89.21c-12.28-12.28-32.19-12.28-44.48 0L9.21 111.45c-12.28 12.28-12.28 32.19 0 44.48L109.28 256 9.21 356.07c-12.28 12.28-12.28 32.19 0 44.48l22.24 22.24c12.28 12.28 32.2 12.28 44.48 0L176 322.72l100.07 100.07c12.28 12.28 32.2 12.28 44.48 0l22.24-22.24c12.28-12.28 12.28-32.19 0-44.48L242.72 256z\"><\/path><\/svg>\t\t\t\t\t\t\t\t\t\t<output id=\"results-1c983c2\" class=\"e-search-results-container hide-loader\" aria-live=\"polite\" aria-atomic=\"true\" aria-label=\"Resultados de b\u00fasqueda\" tabindex=\"0\">\n\t\t\t\t\t\t<div class=\"e-search-results\"><\/div>\n\t\t\t\t\t\t\t\t\t\t\t<\/output>\n\t\t\t\t\t\t\t\t\t<\/div>\n\t\t\t\t\n\t\t\t\t\n\t\t\t\t<button class=\"e-search-submit elementor-screen-only \" type=\"submit\" aria-label=\"Buscar\">\n\t\t\t\t\t\n\t\t\t\t\t\t\t\t\t<\/button>\n\t\t\t\t<input type=\"hidden\" name=\"e_search_props\" value=\"1c983c2-5836\">\n\t\t\t<\/form>\n\t\t<\/search>\n\t\t\t\t\t\t<\/div>\n\t\t\t\t<\/div>\n\t\t\t\t<div class=\"elementor-element elementor-element-495afa0 elementor-widget elementor-widget-text-editor\" data-id=\"495afa0\" data-element_type=\"widget\" data-e-type=\"widget\" data-widget_type=\"text-editor.default\">\n\t\t\t\t<div class=\"elementor-widget-container\">\n\t\t\t\t\t\t\t\t\t<p>Nuestro servicio de transporte privado opera en toda Costa Rica y puede llevarle a todos los destinos populares, incluyendo San Jos\u00e9, Liberia, Tamarindo, La Fortuna, Monteverde y Manuel Antonio. Utilizamos veh\u00edculos modernos y en buen estado para garantizar su seguridad y comodidad durante su viaje. Nuestros conductores tienen experiencia y conocimientos sobre la zona, por lo que puede confiar en que lo llevar\u00e1n a su destino de forma segura y eficiente.<\/p>\t\t\t\t\t\t\t\t<\/div>\n\t\t\t\t<\/div>\n\t\t\t\t\t<\/div>\n\t\t<\/div>\n\t\t\t\t\t<\/div>\n\t\t<\/section>\n\t\t\t\t<section class=\"elementor-section elementor-top-section elementor-element elementor-element-97c8d11 elementor-section-boxed elementor-section-height-default elementor-section-height-default\" data-id=\"97c8d11\" data-element_type=\"section\" data-e-type=\"section\">\n\t\t\t\t\t\t<div class=\"elementor-container elementor-column-gap-default\">\n\t\t\t\t\t<div class=\"elementor-column elementor-col-100 elementor-top-column elementor-element elementor-element-88b66b1\" data-id=\"88b66b1\" data-element_type=\"column\" data-e-type=\"column\">\n\t\t\t<div class=\"elementor-widget-wrap elementor-element-populated\">\n\t\t\t\t\t\t<div class=\"elementor-element elementor-element-1133c91 elementor-widget elementor-widget-html\" data-id=\"1133c91\" data-element_type=\"widget\" data-e-type=\"widget\" data-widget_type=\"html.default\">\n\t\t\t\t<div class=\"elementor-widget-container\">\n\t\t\t\t\t<a href=\"https:\/\/book.peek.com\/s\/a7ebec41-5360-41fc-972f-8aff7e43e77f\/0l8lV\" class=\"replace-with-your-class(es)\" data-embed=\"true\" data-button-text=\"Book Now\">Reserva ya<\/a>\t\t\t\t<\/div>\n\t\t\t\t<\/div>\n\t\t\t\t<div class=\"elementor-element elementor-element-fe0fade elementor-widget elementor-widget-text-editor\" data-id=\"fe0fade\" data-element_type=\"widget\" data-e-type=\"widget\" data-widget_type=\"text-editor.default\">\n\t\t\t\t<div class=\"elementor-widget-container\">\n\t\t\t\t\t\t\t\t\t<h2><strong data-start=\"82\" data-end=\"127\">\u00bfNo encuentra su destino o lugar de salida?<\/strong><\/h2><p data-start=\"129\" data-end=\"296\">\u00a1No se preocupe! Ofrecemos servicios de transporte privado personalizados en toda Costa Rica. P\u00f3ngase en contacto con nosotros y estaremos encantados de organizar un servicio a medida para sus necesidades.  <\/p>\t\t\t\t\t\t\t\t<\/div>\n\t\t\t\t<\/div>\n\t\t\t\t<div class=\"elementor-element elementor-element-960040a elementor-align-center elementor-widget elementor-widget-button\" data-id=\"960040a\" data-element_type=\"widget\" data-e-type=\"widget\" data-widget_type=\"button.default\">\n\t\t\t\t<div class=\"elementor-widget-container\">\n\t\t\t\t\t\t\t\t\t<div class=\"elementor-button-wrapper\">\n\t\t\t\t\t<a class=\"elementor-button elementor-button-link elementor-size-sm\" href=\"https:\/\/volcanotravelcostarica.com\/es\/contacto\/\">\n\t\t\t\t\t\t<span class=\"elementor-button-content-wrapper\">\n\t\t\t\t\t\t\t\t\t<span class=\"elementor-button-text\">Cont\u00e1ctanos<\/span>\n\t\t\t\t\t<\/span>\n\t\t\t\t\t<\/a>\n\t\t\t\t<\/div>\n\t\t\t\t\t\t\t\t<\/div>\n\t\t\t\t<\/div>\n\t\t\t\t\t<\/div>\n\t\t<\/div>\n\t\t\t\t\t<\/div>\n\t\t<\/section>\n\t\t\t\t<\/div>\n\t\t","protected":false},"excerpt":{"rendered":"<p>20 years of delivering quality &amp; unique experiences Transporte privado Search Nuestro servicio de transporte privado opera en toda Costa Rica y puede llevarle a todos los destinos populares, incluyendo San Jos\u00e9, Liberia, Tamarindo, La Fortuna, Monteverde y Manuel Antonio. Utilizamos veh\u00edculos modernos y en buen estado para garantizar su seguridad y comodidad durante su [&hellip;]<\/p>\n","protected":false},"author":1,"featured_media":0,"parent":0,"menu_order":0,"comment_status":"closed","ping_status":"closed","template":"elementor_header_footer","meta":{"footnotes":""},"categories":[],"tags":[],"class_list":["post-5836","page","type-page","status-publish","hentry"],"yoast_head":"<!-- This site is optimized with the Yoast SEO plugin v27.4 - https:\/\/yoast.com\/product\/yoast-seo-wordpress\/ -->\n<title>Servicios de traslados privados desde\/hacia La Fortuna y toda Costa Rica<\/title>\n<meta name=\"description\" content=\"Reserve un traslado privado desde La Fortuna a cualquier destino en Costa Rica con Volcano Travel Costa Rica. Disfrute de un transporte c\u00f3modo y fiable con conductores profesionales y veh\u00edculos modernos. Servicio puerta a puerta impecable para un viaje sin estr\u00e9s. \u00a1Reserve su traslado hoy mismo!\" \/>\n<meta name=\"robots\" content=\"index, follow, max-snippet:-1, max-image-preview:large, max-video-preview:-1\" \/>\n<link rel=\"canonical\" href=\"https:\/\/volcanotravelcostarica.com\/es\/transporte-privado\/\" \/>\n<meta property=\"og:locale\" content=\"es_ES\" \/>\n<meta property=\"og:type\" content=\"article\" \/>\n<meta property=\"og:title\" content=\"Servicios de traslados privados desde\/hacia La Fortuna y toda Costa Rica\" \/>\n<meta property=\"og:description\" content=\"Reserve un traslado privado desde La Fortuna a cualquier destino en Costa Rica con Volcano Travel Costa Rica. Disfrute de un transporte c\u00f3modo y fiable con conductores profesionales y veh\u00edculos modernos. Servicio puerta a puerta impecable para un viaje sin estr\u00e9s. \u00a1Reserve su traslado hoy mismo!\" \/>\n<meta property=\"og:url\" content=\"https:\/\/volcanotravelcostarica.com\/es\/transporte-privado\/\" \/>\n<meta property=\"og:site_name\" content=\"Volcano Travel Costa Rica\" \/>\n<meta property=\"article:publisher\" content=\"https:\/\/www.facebook.com\/volcanotravelcr\" \/>\n<meta property=\"article:modified_time\" content=\"2026-03-04T04:24:07+00:00\" \/>\n<meta property=\"og:image\" content=\"https:\/\/volcanotravelcostarica.com\/wp-content\/uploads\/2024\/11\/shuttle-from-san-jose-airport-to-la-fortuna-with-volcano-travel.png\" \/>\n\t<meta property=\"og:image:width\" content=\"512\" \/>\n\t<meta property=\"og:image:height\" content=\"512\" \/>\n\t<meta property=\"og:image:type\" content=\"image\/png\" \/>\n<meta name=\"twitter:card\" content=\"summary_large_image\" \/>\n<meta name=\"twitter:label1\" content=\"Tiempo de lectura\" \/>\n\t<meta name=\"twitter:data1\" content=\"1 minuto\" \/>\n<script type=\"application\/ld+json\" class=\"yoast-schema-graph\">{\"@context\":\"https:\\\/\\\/schema.org\",\"@graph\":[{\"@type\":\"WebPage\",\"@id\":\"https:\\\/\\\/volcanotravelcostarica.com\\\/es\\\/transporte-privado\\\/\",\"url\":\"https:\\\/\\\/volcanotravelcostarica.com\\\/es\\\/transporte-privado\\\/\",\"name\":\"Servicios de traslados privados desde\\\/hacia La Fortuna y toda Costa Rica\",\"isPartOf\":{\"@id\":\"https:\\\/\\\/volcanotravelcostarica.com\\\/es\\\/#website\"},\"datePublished\":\"2023-06-30T23:47:29+00:00\",\"dateModified\":\"2026-03-04T04:24:07+00:00\",\"description\":\"Reserve un traslado privado desde La Fortuna a cualquier destino en Costa Rica con Volcano Travel Costa Rica. Disfrute de un transporte c\u00f3modo y fiable con conductores profesionales y veh\u00edculos modernos. Servicio puerta a puerta impecable para un viaje sin estr\u00e9s. \u00a1Reserve su traslado hoy mismo!\",\"breadcrumb\":{\"@id\":\"https:\\\/\\\/volcanotravelcostarica.com\\\/es\\\/transporte-privado\\\/#breadcrumb\"},\"inLanguage\":\"es\",\"potentialAction\":[{\"@type\":\"ReadAction\",\"target\":[\"https:\\\/\\\/volcanotravelcostarica.com\\\/es\\\/transporte-privado\\\/\"]}]},{\"@type\":\"BreadcrumbList\",\"@id\":\"https:\\\/\\\/volcanotravelcostarica.com\\\/es\\\/transporte-privado\\\/#breadcrumb\",\"itemListElement\":[{\"@type\":\"ListItem\",\"position\":1,\"name\":\"Home\",\"item\":\"https:\\\/\\\/volcanotravelcostarica.com\\\/es\\\/inicio\\\/\"},{\"@type\":\"ListItem\",\"position\":2,\"name\":\"Transporte privado\"}]},{\"@type\":\"WebSite\",\"@id\":\"https:\\\/\\\/volcanotravelcostarica.com\\\/es\\\/#website\",\"url\":\"https:\\\/\\\/volcanotravelcostarica.com\\\/es\\\/\",\"name\":\"volcanotravelcostarica.com\",\"description\":\"Private Transport, airport shuttles &amp; Tours\",\"publisher\":{\"@id\":\"https:\\\/\\\/volcanotravelcostarica.com\\\/es\\\/#organization\"},\"alternateName\":\"Costa Rica Airport Shuttle\",\"potentialAction\":[{\"@type\":\"SearchAction\",\"target\":{\"@type\":\"EntryPoint\",\"urlTemplate\":\"https:\\\/\\\/volcanotravelcostarica.com\\\/es\\\/?s={search_term_string}\"},\"query-input\":{\"@type\":\"PropertyValueSpecification\",\"valueRequired\":true,\"valueName\":\"search_term_string\"}}],\"inLanguage\":\"es\"},{\"@type\":\"Organization\",\"@id\":\"https:\\\/\\\/volcanotravelcostarica.com\\\/es\\\/#organization\",\"name\":\"Volcano Travel Costa Rica\",\"url\":\"https:\\\/\\\/volcanotravelcostarica.com\\\/es\\\/\",\"logo\":{\"@type\":\"ImageObject\",\"inLanguage\":\"es\",\"@id\":\"https:\\\/\\\/volcanotravelcostarica.com\\\/es\\\/#\\\/schema\\\/logo\\\/image\\\/\",\"url\":\"https:\\\/\\\/volcanotravelcostarica.com\\\/wp-content\\\/uploads\\\/2023\\\/06\\\/logo-volcanotravel.svg\",\"contentUrl\":\"https:\\\/\\\/volcanotravelcostarica.com\\\/wp-content\\\/uploads\\\/2023\\\/06\\\/logo-volcanotravel.svg\",\"width\":206,\"height\":28,\"caption\":\"Volcano Travel Costa Rica\"},\"image\":{\"@id\":\"https:\\\/\\\/volcanotravelcostarica.com\\\/es\\\/#\\\/schema\\\/logo\\\/image\\\/\"},\"sameAs\":[\"https:\\\/\\\/www.facebook.com\\\/volcanotravelcr\",\"https:\\\/\\\/www.instagram.com\\\/volcanotravelcr\\\/\"]}]}<\/script>\n<!-- \/ Yoast SEO plugin. -->","yoast_head_json":{"title":"Servicios de traslados privados desde\/hacia La Fortuna y toda Costa Rica","description":"Reserve un traslado privado desde La Fortuna a cualquier destino en Costa Rica con Volcano Travel Costa Rica. Disfrute de un transporte c\u00f3modo y fiable con conductores profesionales y veh\u00edculos modernos. Servicio puerta a puerta impecable para un viaje sin estr\u00e9s. \u00a1Reserve su traslado hoy mismo!","robots":{"index":"index","follow":"follow","max-snippet":"max-snippet:-1","max-image-preview":"max-image-preview:large","max-video-preview":"max-video-preview:-1"},"canonical":"https:\/\/volcanotravelcostarica.com\/es\/transporte-privado\/","og_locale":"es_ES","og_type":"article","og_title":"Servicios de traslados privados desde\/hacia La Fortuna y toda Costa Rica","og_description":"Reserve un traslado privado desde La Fortuna a cualquier destino en Costa Rica con Volcano Travel Costa Rica. Disfrute de un transporte c\u00f3modo y fiable con conductores profesionales y veh\u00edculos modernos. Servicio puerta a puerta impecable para un viaje sin estr\u00e9s. \u00a1Reserve su traslado hoy mismo!","og_url":"https:\/\/volcanotravelcostarica.com\/es\/transporte-privado\/","og_site_name":"Volcano Travel Costa Rica","article_publisher":"https:\/\/www.facebook.com\/volcanotravelcr","article_modified_time":"2026-03-04T04:24:07+00:00","og_image":[{"width":512,"height":512,"url":"https:\/\/volcanotravelcostarica.com\/wp-content\/uploads\/2024\/11\/shuttle-from-san-jose-airport-to-la-fortuna-with-volcano-travel.png","type":"image\/png"}],"twitter_card":"summary_large_image","twitter_misc":{"Tiempo de lectura":"1 minuto"},"schema":{"@context":"https:\/\/schema.org","@graph":[{"@type":"WebPage","@id":"https:\/\/volcanotravelcostarica.com\/es\/transporte-privado\/","url":"https:\/\/volcanotravelcostarica.com\/es\/transporte-privado\/","name":"Servicios de traslados privados desde\/hacia La Fortuna y toda Costa Rica","isPartOf":{"@id":"https:\/\/volcanotravelcostarica.com\/es\/#website"},"datePublished":"2023-06-30T23:47:29+00:00","dateModified":"2026-03-04T04:24:07+00:00","description":"Reserve un traslado privado desde La Fortuna a cualquier destino en Costa Rica con Volcano Travel Costa Rica. Disfrute de un transporte c\u00f3modo y fiable con conductores profesionales y veh\u00edculos modernos. Servicio puerta a puerta impecable para un viaje sin estr\u00e9s. \u00a1Reserve su traslado hoy mismo!","breadcrumb":{"@id":"https:\/\/volcanotravelcostarica.com\/es\/transporte-privado\/#breadcrumb"},"inLanguage":"es","potentialAction":[{"@type":"ReadAction","target":["https:\/\/volcanotravelcostarica.com\/es\/transporte-privado\/"]}]},{"@type":"BreadcrumbList","@id":"https:\/\/volcanotravelcostarica.com\/es\/transporte-privado\/#breadcrumb","itemListElement":[{"@type":"ListItem","position":1,"name":"Home","item":"https:\/\/volcanotravelcostarica.com\/es\/inicio\/"},{"@type":"ListItem","position":2,"name":"Transporte privado"}]},{"@type":"WebSite","@id":"https:\/\/volcanotravelcostarica.com\/es\/#website","url":"https:\/\/volcanotravelcostarica.com\/es\/","name":"volcanotravelcostarica.com","description":"Private Transport, airport shuttles &amp; Tours","publisher":{"@id":"https:\/\/volcanotravelcostarica.com\/es\/#organization"},"alternateName":"Costa Rica Airport Shuttle","potentialAction":[{"@type":"SearchAction","target":{"@type":"EntryPoint","urlTemplate":"https:\/\/volcanotravelcostarica.com\/es\/?s={search_term_string}"},"query-input":{"@type":"PropertyValueSpecification","valueRequired":true,"valueName":"search_term_string"}}],"inLanguage":"es"},{"@type":"Organization","@id":"https:\/\/volcanotravelcostarica.com\/es\/#organization","name":"Volcano Travel Costa Rica","url":"https:\/\/volcanotravelcostarica.com\/es\/","logo":{"@type":"ImageObject","inLanguage":"es","@id":"https:\/\/volcanotravelcostarica.com\/es\/#\/schema\/logo\/image\/","url":"https:\/\/volcanotravelcostarica.com\/wp-content\/uploads\/2023\/06\/logo-volcanotravel.svg","contentUrl":"https:\/\/volcanotravelcostarica.com\/wp-content\/uploads\/2023\/06\/logo-volcanotravel.svg","width":206,"height":28,"caption":"Volcano Travel Costa Rica"},"image":{"@id":"https:\/\/volcanotravelcostarica.com\/es\/#\/schema\/logo\/image\/"},"sameAs":["https:\/\/www.facebook.com\/volcanotravelcr","https:\/\/www.instagram.com\/volcanotravelcr\/"]}]}},"_links":{"self":[{"href":"https:\/\/volcanotravelcostarica.com\/es\/wp-json\/wp\/v2\/pages\/5836","targetHints":{"allow":["GET"]}}],"collection":[{"href":"https:\/\/volcanotravelcostarica.com\/es\/wp-json\/wp\/v2\/pages"}],"about":[{"href":"https:\/\/volcanotravelcostarica.com\/es\/wp-json\/wp\/v2\/types\/page"}],"author":[{"embeddable":true,"href":"https:\/\/volcanotravelcostarica.com\/es\/wp-json\/wp\/v2\/users\/1"}],"replies":[{"embeddable":true,"href":"https:\/\/volcanotravelcostarica.com\/es\/wp-json\/wp\/v2\/comments?post=5836"}],"version-history":[{"count":6,"href":"https:\/\/volcanotravelcostarica.com\/es\/wp-json\/wp\/v2\/pages\/5836\/revisions"}],"predecessor-version":[{"id":6232,"href":"https:\/\/volcanotravelcostarica.com\/es\/wp-json\/wp\/v2\/pages\/5836\/revisions\/6232"}],"wp:attachment":[{"href":"https:\/\/volcanotravelcostarica.com\/es\/wp-json\/wp\/v2\/media?parent=5836"}],"wp:term":[{"taxonomy":"category","embeddable":true,"href":"https:\/\/volcanotravelcostarica.com\/es\/wp-json\/wp\/v2\/categories?post=5836"},{"taxonomy":"post_tag","embeddable":true,"href":"https:\/\/volcanotravelcostarica.com\/es\/wp-json\/wp\/v2\/tags?post=5836"}],"curies":[{"name":"wp","href":"https:\/\/api.w.org\/{rel}","templated":true}]}}