{"id":5827,"date":"2023-06-30T17:47:29","date_gmt":"2023-06-30T23:47:29","guid":{"rendered":"https:\/\/volcanotravelcostarica.com\/sobre-nosotros\/"},"modified":"2026-03-03T22:23:12","modified_gmt":"2026-03-04T04:23:12","slug":"sobre-nosotros","status":"publish","type":"page","link":"https:\/\/volcanotravelcostarica.com\/es\/sobre-nosotros\/","title":{"rendered":"Sobre Nosotros"},"content":{"rendered":"\t\t<div data-elementor-type=\"wp-page\" data-elementor-id=\"5827\" class=\"elementor elementor-5827 elementor-43\" data-elementor-post-type=\"page\">\n\t\t\t\t\t\t<section class=\"elementor-section elementor-top-section elementor-element elementor-element-7b2fc69 elementor-section-boxed elementor-section-height-default elementor-section-height-default\" data-id=\"7b2fc69\" data-element_type=\"section\" data-e-type=\"section\">\n\t\t\t\t\t\t<div class=\"elementor-container elementor-column-gap-default\">\n\t\t\t\t\t<div class=\"elementor-column elementor-col-100 elementor-top-column elementor-element elementor-element-80ce5c8\" data-id=\"80ce5c8\" data-element_type=\"column\" data-e-type=\"column\" data-settings=\"{&quot;background_background&quot;:&quot;classic&quot;}\">\n\t\t\t<div class=\"elementor-widget-wrap elementor-element-populated\">\n\t\t\t\t\t\t<div class=\"elementor-element elementor-element-134 elementor-widget__width-initial animated-slow elementor-invisible elementor-widget elementor-widget-global elementor-global-134 elementor-widget-text-editor\" data-id=\"134\" data-element_type=\"widget\" data-e-type=\"widget\" data-settings=\"{&quot;_animation&quot;:&quot;fadeIn&quot;}\" data-widget_type=\"text-editor.default\">\n\t\t\t\t<div class=\"elementor-widget-container\">\n\t\t\t\t\t\t\t\t\t<p><strong>Journey in comfort, <\/strong><strong>arrive in paradise<\/strong><\/p>\t\t\t\t\t\t\t\t<\/div>\n\t\t\t\t<\/div>\n\t\t\t\t\t<\/div>\n\t\t<\/div>\n\t\t\t\t\t<\/div>\n\t\t<\/section>\n\t\t\t\t<section class=\"elementor-section elementor-top-section elementor-element elementor-element-23aea92 elementor-section-boxed elementor-section-height-default elementor-section-height-default\" data-id=\"23aea92\" data-element_type=\"section\" data-e-type=\"section\">\n\t\t\t\t\t\t<div class=\"elementor-container elementor-column-gap-default\">\n\t\t\t\t\t<div class=\"elementor-column elementor-col-100 elementor-top-column elementor-element elementor-element-2a8f29f\" data-id=\"2a8f29f\" data-element_type=\"column\" data-e-type=\"column\">\n\t\t\t<div class=\"elementor-widget-wrap elementor-element-populated\">\n\t\t\t\t\t\t<div class=\"elementor-element elementor-element-120 elementor-widget__width-initial elementor-widget elementor-widget-global elementor-global-120 elementor-widget-text-editor\" data-id=\"120\" data-element_type=\"widget\" data-e-type=\"widget\" data-widget_type=\"text-editor.default\">\n\t\t\t\t<div class=\"elementor-widget-container\">\n\t\t\t\t\t\t\t\t\t<h2>20 years of delivering<\/h2><h2>quality &amp; unique experiences<\/h2>\t\t\t\t\t\t\t\t<\/div>\n\t\t\t\t<\/div>\n\t\t\t\t<div class=\"elementor-element elementor-element-123 elementor-widget-divider--view-line elementor-widget elementor-widget-global elementor-global-123 elementor-widget-divider\" data-id=\"123\" data-element_type=\"widget\" data-e-type=\"widget\" data-widget_type=\"divider.default\">\n\t\t\t\t<div class=\"elementor-widget-container\">\n\t\t\t\t\t\t\t<div class=\"elementor-divider\">\n\t\t\t<span class=\"elementor-divider-separator\">\n\t\t\t\t\t\t<\/span>\n\t\t<\/div>\n\t\t\t\t\t\t<\/div>\n\t\t\t\t<\/div>\n\t\t\t\t\t<\/div>\n\t\t<\/div>\n\t\t\t\t\t<\/div>\n\t\t<\/section>\n\t\t\t\t<section class=\"elementor-section elementor-top-section elementor-element elementor-element-e9fb407 elementor-section-boxed elementor-section-height-default elementor-section-height-default\" data-id=\"e9fb407\" data-element_type=\"section\" data-e-type=\"section\">\n\t\t\t\t\t\t<div class=\"elementor-container elementor-column-gap-default\">\n\t\t\t\t\t<div class=\"elementor-column elementor-col-100 elementor-top-column elementor-element elementor-element-c76bbc3\" data-id=\"c76bbc3\" data-element_type=\"column\" data-e-type=\"column\">\n\t\t\t<div class=\"elementor-widget-wrap elementor-element-populated\">\n\t\t\t\t\t\t<div class=\"elementor-element elementor-element-5e705af elementor-widget elementor-widget-heading\" data-id=\"5e705af\" data-element_type=\"widget\" data-e-type=\"widget\" data-widget_type=\"heading.default\">\n\t\t\t\t<div class=\"elementor-widget-container\">\n\t\t\t\t\t<h1 class=\"elementor-heading-title elementor-size-default\">Volcano Travel Costa Rica<\/h1>\t\t\t\t<\/div>\n\t\t\t\t<\/div>\n\t\t\t\t<div class=\"elementor-element elementor-element-f9071e4 elementor-widget__width-initial elementor-widget elementor-widget-text-editor\" data-id=\"f9071e4\" data-element_type=\"widget\" data-e-type=\"widget\" data-widget_type=\"text-editor.default\">\n\t\t\t\t<div class=\"elementor-widget-container\">\n\t\t\t\t\t\t\t\t\t<p>Nuestro servicio de transporte en Costa Rica ofrece traslados seguros y fiables para los viajeros que desean explorar este hermoso pa\u00eds. Entendemos que moverse por Costa Rica puede ser un desaf\u00edo, especialmente si no est\u00e1 familiarizado con la zona o no habla el idioma. Es por eso que estamos aqu\u00ed para brindarle un transporte sin complicaciones que lo llevar\u00e1 a su destino a tiempo y con comodidad.<\/p><p>Nuestro servicio de transporte opera en toda Costa Rica y puede llevarlo a todos los destinos populares, incluidos San Jos\u00e9, Liberia, Tamarindo, La Fortuna, Monteverde y Manuel Antonio. Utilizamos veh\u00edculos modernos y en buen estado para garantizar su seguridad y comodidad durante su viaje. Nuestros conductores tienen experiencia y conocimientos sobre la zona, por lo que puede confiar en que lo llevar\u00e1n a su destino de forma segura y eficiente.<\/p><p>Ya sea que viaje solo o en grupo, tenemos el transporte perfecto para usted. Nuestra flota incluye una variedad de veh\u00edculos, incluidos autom\u00f3viles, furgonetas y autobuses, para adaptarse a todos los tama\u00f1os de grupo y necesidades de viaje. Ofrecemos servicios de transporte privado y compartido, para que pueda elegir la opci\u00f3n que mejor se adapte a sus preferencias y presupuesto.<\/p><p>En nuestro servicio de transporte en Costa Rica, priorizamos tu satisfacci\u00f3n y nuestro objetivo es proporcionarte una experiencia de transporte sin estr\u00e9s. Nuestro equipo de atenci\u00f3n al cliente est\u00e1 disponible 24\/7 para ayudarte con cualquier pregunta o duda que puedas tener antes o durante tu viaje. \u00a1Reserva hoy mismo tu servicio de transporte con nosotros y d\u00e9janos encargarnos de tus necesidades de transporte en Costa Rica!<\/p>\t\t\t\t\t\t\t\t<\/div>\n\t\t\t\t<\/div>\n\t\t\t\t\t<\/div>\n\t\t<\/div>\n\t\t\t\t\t<\/div>\n\t\t<\/section>\n\t\t\t\t<\/div>\n\t\t","protected":false},"excerpt":{"rendered":"<p>Journey in comfort, arrive in paradise 20 years of delivering quality &amp; unique experiences Volcano Travel Costa Rica Nuestro servicio de transporte en Costa Rica ofrece traslados seguros y fiables para los viajeros que desean explorar este hermoso pa\u00eds. Entendemos que moverse por Costa Rica puede ser un desaf\u00edo, especialmente si no est\u00e1 familiarizado con [&hellip;]<\/p>\n","protected":false},"author":1,"featured_media":0,"parent":0,"menu_order":0,"comment_status":"closed","ping_status":"closed","template":"elementor_header_footer","meta":{"footnotes":""},"categories":[],"tags":[],"class_list":["post-5827","page","type-page","status-publish","hentry"],"yoast_head":"<!-- This site is optimized with the Yoast SEO plugin v27.4 - https:\/\/yoast.com\/product\/yoast-seo-wordpress\/ -->\n<title>Sobre Nosotros - Volcano Travel Costa Rica<\/title>\n<meta name=\"description\" content=\"Volcano Travel Costa Rica es una empresa familiar ubicada en La Fortuna con m\u00e1s de 20 a\u00f1os de experiencia. Ofrecemos transporte seguro, traslados privados y tours inolvidables alrededor del Volc\u00e1n Arenal y por toda Costa Rica.\" \/>\n<meta name=\"robots\" content=\"index, follow, max-snippet:-1, max-image-preview:large, max-video-preview:-1\" \/>\n<link rel=\"canonical\" href=\"https:\/\/volcanotravelcostarica.com\/es\/sobre-nosotros\/\" \/>\n<meta property=\"og:locale\" content=\"es_ES\" \/>\n<meta property=\"og:type\" content=\"article\" \/>\n<meta property=\"og:title\" content=\"Sobre Nosotros - Volcano Travel Costa Rica\" \/>\n<meta property=\"og:description\" content=\"Volcano Travel Costa Rica es una empresa familiar ubicada en La Fortuna con m\u00e1s de 20 a\u00f1os de experiencia. Ofrecemos transporte seguro, traslados privados y tours inolvidables alrededor del Volc\u00e1n Arenal y por toda Costa Rica.\" \/>\n<meta property=\"og:url\" content=\"https:\/\/volcanotravelcostarica.com\/es\/sobre-nosotros\/\" \/>\n<meta property=\"og:site_name\" content=\"Volcano Travel Costa Rica\" \/>\n<meta property=\"article:publisher\" content=\"https:\/\/www.facebook.com\/volcanotravelcr\" \/>\n<meta property=\"article:modified_time\" content=\"2026-03-04T04:23:12+00:00\" \/>\n<meta property=\"og:image\" content=\"https:\/\/volcanotravelcostarica.com\/wp-content\/uploads\/2024\/11\/shuttle-from-san-jose-airport-to-la-fortuna-with-volcano-travel.png\" \/>\n\t<meta property=\"og:image:width\" content=\"512\" \/>\n\t<meta property=\"og:image:height\" content=\"512\" \/>\n\t<meta property=\"og:image:type\" content=\"image\/png\" \/>\n<meta name=\"twitter:card\" content=\"summary_large_image\" \/>\n<meta name=\"twitter:label1\" content=\"Tiempo de lectura\" \/>\n\t<meta name=\"twitter:data1\" content=\"2 minutos\" \/>\n<script type=\"application\/ld+json\" class=\"yoast-schema-graph\">{\"@context\":\"https:\\\/\\\/schema.org\",\"@graph\":[{\"@type\":\"WebPage\",\"@id\":\"https:\\\/\\\/volcanotravelcostarica.com\\\/es\\\/sobre-nosotros\\\/\",\"url\":\"https:\\\/\\\/volcanotravelcostarica.com\\\/es\\\/sobre-nosotros\\\/\",\"name\":\"Sobre Nosotros - Volcano Travel Costa Rica\",\"isPartOf\":{\"@id\":\"https:\\\/\\\/volcanotravelcostarica.com\\\/es\\\/#website\"},\"datePublished\":\"2023-06-30T23:47:29+00:00\",\"dateModified\":\"2026-03-04T04:23:12+00:00\",\"description\":\"Volcano Travel Costa Rica es una empresa familiar ubicada en La Fortuna con m\u00e1s de 20 a\u00f1os de experiencia. Ofrecemos transporte seguro, traslados privados y tours inolvidables alrededor del Volc\u00e1n Arenal y por toda Costa Rica.\",\"breadcrumb\":{\"@id\":\"https:\\\/\\\/volcanotravelcostarica.com\\\/es\\\/sobre-nosotros\\\/#breadcrumb\"},\"inLanguage\":\"es\",\"potentialAction\":[{\"@type\":\"ReadAction\",\"target\":[\"https:\\\/\\\/volcanotravelcostarica.com\\\/es\\\/sobre-nosotros\\\/\"]}]},{\"@type\":\"BreadcrumbList\",\"@id\":\"https:\\\/\\\/volcanotravelcostarica.com\\\/es\\\/sobre-nosotros\\\/#breadcrumb\",\"itemListElement\":[{\"@type\":\"ListItem\",\"position\":1,\"name\":\"Home\",\"item\":\"https:\\\/\\\/volcanotravelcostarica.com\\\/es\\\/inicio\\\/\"},{\"@type\":\"ListItem\",\"position\":2,\"name\":\"Sobre Nosotros\"}]},{\"@type\":\"WebSite\",\"@id\":\"https:\\\/\\\/volcanotravelcostarica.com\\\/es\\\/#website\",\"url\":\"https:\\\/\\\/volcanotravelcostarica.com\\\/es\\\/\",\"name\":\"volcanotravelcostarica.com\",\"description\":\"Private Transport, airport shuttles &amp; Tours\",\"publisher\":{\"@id\":\"https:\\\/\\\/volcanotravelcostarica.com\\\/es\\\/#organization\"},\"alternateName\":\"Costa Rica Airport Shuttle\",\"potentialAction\":[{\"@type\":\"SearchAction\",\"target\":{\"@type\":\"EntryPoint\",\"urlTemplate\":\"https:\\\/\\\/volcanotravelcostarica.com\\\/es\\\/?s={search_term_string}\"},\"query-input\":{\"@type\":\"PropertyValueSpecification\",\"valueRequired\":true,\"valueName\":\"search_term_string\"}}],\"inLanguage\":\"es\"},{\"@type\":\"Organization\",\"@id\":\"https:\\\/\\\/volcanotravelcostarica.com\\\/es\\\/#organization\",\"name\":\"Volcano Travel Costa Rica\",\"url\":\"https:\\\/\\\/volcanotravelcostarica.com\\\/es\\\/\",\"logo\":{\"@type\":\"ImageObject\",\"inLanguage\":\"es\",\"@id\":\"https:\\\/\\\/volcanotravelcostarica.com\\\/es\\\/#\\\/schema\\\/logo\\\/image\\\/\",\"url\":\"https:\\\/\\\/volcanotravelcostarica.com\\\/wp-content\\\/uploads\\\/2023\\\/06\\\/logo-volcanotravel.svg\",\"contentUrl\":\"https:\\\/\\\/volcanotravelcostarica.com\\\/wp-content\\\/uploads\\\/2023\\\/06\\\/logo-volcanotravel.svg\",\"width\":206,\"height\":28,\"caption\":\"Volcano Travel Costa Rica\"},\"image\":{\"@id\":\"https:\\\/\\\/volcanotravelcostarica.com\\\/es\\\/#\\\/schema\\\/logo\\\/image\\\/\"},\"sameAs\":[\"https:\\\/\\\/www.facebook.com\\\/volcanotravelcr\",\"https:\\\/\\\/www.instagram.com\\\/volcanotravelcr\\\/\"]}]}<\/script>\n<!-- \/ Yoast SEO plugin. -->","yoast_head_json":{"title":"Sobre Nosotros - Volcano Travel Costa Rica","description":"Volcano Travel Costa Rica es una empresa familiar ubicada en La Fortuna con m\u00e1s de 20 a\u00f1os de experiencia. Ofrecemos transporte seguro, traslados privados y tours inolvidables alrededor del Volc\u00e1n Arenal y por toda Costa Rica.","robots":{"index":"index","follow":"follow","max-snippet":"max-snippet:-1","max-image-preview":"max-image-preview:large","max-video-preview":"max-video-preview:-1"},"canonical":"https:\/\/volcanotravelcostarica.com\/es\/sobre-nosotros\/","og_locale":"es_ES","og_type":"article","og_title":"Sobre Nosotros - Volcano Travel Costa Rica","og_description":"Volcano Travel Costa Rica es una empresa familiar ubicada en La Fortuna con m\u00e1s de 20 a\u00f1os de experiencia. Ofrecemos transporte seguro, traslados privados y tours inolvidables alrededor del Volc\u00e1n Arenal y por toda Costa Rica.","og_url":"https:\/\/volcanotravelcostarica.com\/es\/sobre-nosotros\/","og_site_name":"Volcano Travel Costa Rica","article_publisher":"https:\/\/www.facebook.com\/volcanotravelcr","article_modified_time":"2026-03-04T04:23:12+00:00","og_image":[{"width":512,"height":512,"url":"https:\/\/volcanotravelcostarica.com\/wp-content\/uploads\/2024\/11\/shuttle-from-san-jose-airport-to-la-fortuna-with-volcano-travel.png","type":"image\/png"}],"twitter_card":"summary_large_image","twitter_misc":{"Tiempo de lectura":"2 minutos"},"schema":{"@context":"https:\/\/schema.org","@graph":[{"@type":"WebPage","@id":"https:\/\/volcanotravelcostarica.com\/es\/sobre-nosotros\/","url":"https:\/\/volcanotravelcostarica.com\/es\/sobre-nosotros\/","name":"Sobre Nosotros - Volcano Travel Costa Rica","isPartOf":{"@id":"https:\/\/volcanotravelcostarica.com\/es\/#website"},"datePublished":"2023-06-30T23:47:29+00:00","dateModified":"2026-03-04T04:23:12+00:00","description":"Volcano Travel Costa Rica es una empresa familiar ubicada en La Fortuna con m\u00e1s de 20 a\u00f1os de experiencia. Ofrecemos transporte seguro, traslados privados y tours inolvidables alrededor del Volc\u00e1n Arenal y por toda Costa Rica.","breadcrumb":{"@id":"https:\/\/volcanotravelcostarica.com\/es\/sobre-nosotros\/#breadcrumb"},"inLanguage":"es","potentialAction":[{"@type":"ReadAction","target":["https:\/\/volcanotravelcostarica.com\/es\/sobre-nosotros\/"]}]},{"@type":"BreadcrumbList","@id":"https:\/\/volcanotravelcostarica.com\/es\/sobre-nosotros\/#breadcrumb","itemListElement":[{"@type":"ListItem","position":1,"name":"Home","item":"https:\/\/volcanotravelcostarica.com\/es\/inicio\/"},{"@type":"ListItem","position":2,"name":"Sobre Nosotros"}]},{"@type":"WebSite","@id":"https:\/\/volcanotravelcostarica.com\/es\/#website","url":"https:\/\/volcanotravelcostarica.com\/es\/","name":"volcanotravelcostarica.com","description":"Private Transport, airport shuttles &amp; Tours","publisher":{"@id":"https:\/\/volcanotravelcostarica.com\/es\/#organization"},"alternateName":"Costa Rica Airport Shuttle","potentialAction":[{"@type":"SearchAction","target":{"@type":"EntryPoint","urlTemplate":"https:\/\/volcanotravelcostarica.com\/es\/?s={search_term_string}"},"query-input":{"@type":"PropertyValueSpecification","valueRequired":true,"valueName":"search_term_string"}}],"inLanguage":"es"},{"@type":"Organization","@id":"https:\/\/volcanotravelcostarica.com\/es\/#organization","name":"Volcano Travel Costa Rica","url":"https:\/\/volcanotravelcostarica.com\/es\/","logo":{"@type":"ImageObject","inLanguage":"es","@id":"https:\/\/volcanotravelcostarica.com\/es\/#\/schema\/logo\/image\/","url":"https:\/\/volcanotravelcostarica.com\/wp-content\/uploads\/2023\/06\/logo-volcanotravel.svg","contentUrl":"https:\/\/volcanotravelcostarica.com\/wp-content\/uploads\/2023\/06\/logo-volcanotravel.svg","width":206,"height":28,"caption":"Volcano Travel Costa Rica"},"image":{"@id":"https:\/\/volcanotravelcostarica.com\/es\/#\/schema\/logo\/image\/"},"sameAs":["https:\/\/www.facebook.com\/volcanotravelcr","https:\/\/www.instagram.com\/volcanotravelcr\/"]}]}},"_links":{"self":[{"href":"https:\/\/volcanotravelcostarica.com\/es\/wp-json\/wp\/v2\/pages\/5827","targetHints":{"allow":["GET"]}}],"collection":[{"href":"https:\/\/volcanotravelcostarica.com\/es\/wp-json\/wp\/v2\/pages"}],"about":[{"href":"https:\/\/volcanotravelcostarica.com\/es\/wp-json\/wp\/v2\/types\/page"}],"author":[{"embeddable":true,"href":"https:\/\/volcanotravelcostarica.com\/es\/wp-json\/wp\/v2\/users\/1"}],"replies":[{"embeddable":true,"href":"https:\/\/volcanotravelcostarica.com\/es\/wp-json\/wp\/v2\/comments?post=5827"}],"version-history":[{"count":9,"href":"https:\/\/volcanotravelcostarica.com\/es\/wp-json\/wp\/v2\/pages\/5827\/revisions"}],"predecessor-version":[{"id":6229,"href":"https:\/\/volcanotravelcostarica.com\/es\/wp-json\/wp\/v2\/pages\/5827\/revisions\/6229"}],"wp:attachment":[{"href":"https:\/\/volcanotravelcostarica.com\/es\/wp-json\/wp\/v2\/media?parent=5827"}],"wp:term":[{"taxonomy":"category","embeddable":true,"href":"https:\/\/volcanotravelcostarica.com\/es\/wp-json\/wp\/v2\/categories?post=5827"},{"taxonomy":"post_tag","embeddable":true,"href":"https:\/\/volcanotravelcostarica.com\/es\/wp-json\/wp\/v2\/tags?post=5827"}],"curies":[{"name":"wp","href":"https:\/\/api.w.org\/{rel}","templated":true}]}}