{"id":5813,"date":"2025-03-23T20:28:25","date_gmt":"2025-03-24T02:28:25","guid":{"rendered":"https:\/\/volcanotravelcostarica.com\/resenas\/"},"modified":"2026-03-03T22:14:32","modified_gmt":"2026-03-04T04:14:32","slug":"resenas","status":"publish","type":"page","link":"https:\/\/volcanotravelcostarica.com\/es\/resenas\/","title":{"rendered":"Rese\u00f1as"},"content":{"rendered":"\t\t<div data-elementor-type=\"wp-page\" data-elementor-id=\"5813\" class=\"elementor elementor-5813 elementor-4039\" data-elementor-post-type=\"page\">\n\t\t\t\t\t\t<section class=\"elementor-section elementor-top-section elementor-element elementor-element-70909ff elementor-section-boxed elementor-section-height-default elementor-section-height-default\" data-id=\"70909ff\" data-element_type=\"section\" data-e-type=\"section\" id=\"elsight-widget-container\">\n\t\t\t\t\t\t<div class=\"elementor-container elementor-column-gap-default\">\n\t\t\t\t\t<div class=\"elementor-column elementor-col-100 elementor-top-column elementor-element elementor-element-4cc8285\" data-id=\"4cc8285\" data-element_type=\"column\" data-e-type=\"column\">\n\t\t\t<div class=\"elementor-widget-wrap elementor-element-populated\">\n\t\t\t\t\t\t<div class=\"elementor-element elementor-element-68069f3 elementor-widget elementor-widget-heading\" data-id=\"68069f3\" data-element_type=\"widget\" data-e-type=\"widget\" data-widget_type=\"heading.default\">\n\t\t\t\t<div class=\"elementor-widget-container\">\n\t\t\t\t\t<h1 class=\"elementor-heading-title elementor-size-default\">Las evaluaciones m\u00e1s recientes de nuestros clientes satisfechos.<\/h1>\t\t\t\t<\/div>\n\t\t\t\t<\/div>\n\t\t\t\t<div class=\"elementor-element elementor-element-a041647 elementor-widget elementor-widget-html\" data-id=\"a041647\" data-element_type=\"widget\" data-e-type=\"widget\" data-widget_type=\"html.default\">\n\t\t\t\t<div class=\"elementor-widget-container\">\n\t\t\t\t\t<!-- Elfsight All-in-One Reviews | Untitled All-in-One Reviews -->\r\n<script src=\"https:\/\/static.elfsight.com\/platform\/platform.js\" async=\"\"><\/script>\r\n<div class=\"elfsight-app-8b6eb87d-15e8-4027-8c58-b23d6e33760d\" data-elfsight-app-lazy=\"\"><\/div>\t\t\t\t<\/div>\n\t\t\t\t<\/div>\n\t\t\t\t\t<\/div>\n\t\t<\/div>\n\t\t\t\t\t<\/div>\n\t\t<\/section>\n\t\t\t\t<\/div>\n\t\t","protected":false},"excerpt":{"rendered":"<p>Rese\u00f1as | Volcano Travel Costa Rica &#8211; Experiencias y valoraciones de viajeros<\/p>\n","protected":false},"author":3,"featured_media":5812,"parent":0,"menu_order":0,"comment_status":"closed","ping_status":"closed","template":"","meta":{"footnotes":""},"categories":[],"tags":[],"class_list":["post-5813","page","type-page","status-publish","has-post-thumbnail","hentry"],"yoast_head":"<!-- This site is optimized with the Yoast SEO plugin v27.4 - https:\/\/yoast.com\/product\/yoast-seo-wordpress\/ -->\n<title>Rese\u00f1as - Volcano Travel Costa Rica<\/title>\n<meta name=\"description\" content=\"Lee rese\u00f1as de clientes reales de Volcano Travel Costa Rica. Descubre por qu\u00e9 los viajeros conf\u00edan en nuestro servicio de transporte y tours de aventura en La Fortuna. \u00a1Reserva hoy mismo tu traslado en Costa Rica!\" \/>\n<meta name=\"robots\" content=\"index, follow, max-snippet:-1, max-image-preview:large, max-video-preview:-1\" \/>\n<link rel=\"canonical\" href=\"https:\/\/volcanotravelcostarica.com\/es\/resenas\/\" \/>\n<meta property=\"og:locale\" content=\"es_ES\" \/>\n<meta property=\"og:type\" content=\"article\" \/>\n<meta property=\"og:title\" content=\"Rese\u00f1as - Volcano Travel Costa Rica\" \/>\n<meta property=\"og:description\" content=\"Lee rese\u00f1as de clientes reales de Volcano Travel Costa Rica. Descubre por qu\u00e9 los viajeros conf\u00edan en nuestro servicio de transporte y tours de aventura en La Fortuna. \u00a1Reserva hoy mismo tu traslado en Costa Rica!\" \/>\n<meta property=\"og:url\" content=\"https:\/\/volcanotravelcostarica.com\/es\/resenas\/\" \/>\n<meta property=\"og:site_name\" content=\"Volcano Travel Costa Rica\" \/>\n<meta property=\"article:publisher\" content=\"https:\/\/www.facebook.com\/volcanotravelcr\" \/>\n<meta property=\"article:modified_time\" content=\"2026-03-04T04:14:32+00:00\" \/>\n<meta property=\"og:image\" content=\"https:\/\/volcanotravelcostarica.com\/wp-content\/uploads\/2025\/03\/Captura-de-pantalla-2025-03-23-202740-png.avif\" \/>\n\t<meta property=\"og:image:width\" content=\"1352\" \/>\n\t<meta property=\"og:image:height\" content=\"829\" \/>\n\t<meta property=\"og:image:type\" content=\"image\/png\" \/>\n<meta name=\"twitter:card\" content=\"summary_large_image\" \/>\n<meta name=\"twitter:label1\" content=\"Tiempo de lectura\" \/>\n\t<meta name=\"twitter:data1\" content=\"4 minutos\" \/>\n<script type=\"application\/ld+json\" class=\"yoast-schema-graph\">{\"@context\":\"https:\\\/\\\/schema.org\",\"@graph\":[{\"@type\":\"WebPage\",\"@id\":\"https:\\\/\\\/volcanotravelcostarica.com\\\/es\\\/resenas\\\/\",\"url\":\"https:\\\/\\\/volcanotravelcostarica.com\\\/es\\\/resenas\\\/\",\"name\":\"Rese\u00f1as - Volcano Travel Costa Rica\",\"isPartOf\":{\"@id\":\"https:\\\/\\\/volcanotravelcostarica.com\\\/es\\\/#website\"},\"primaryImageOfPage\":{\"@id\":\"https:\\\/\\\/volcanotravelcostarica.com\\\/es\\\/resenas\\\/#primaryimage\"},\"image\":{\"@id\":\"https:\\\/\\\/volcanotravelcostarica.com\\\/es\\\/resenas\\\/#primaryimage\"},\"thumbnailUrl\":\"https:\\\/\\\/volcanotravelcostarica.com\\\/wp-content\\\/uploads\\\/2025\\\/03\\\/Captura-de-pantalla-2025-03-23-202740-png.avif\",\"datePublished\":\"2025-03-24T02:28:25+00:00\",\"dateModified\":\"2026-03-04T04:14:32+00:00\",\"description\":\"Lee rese\u00f1as de clientes reales de Volcano Travel Costa Rica. Descubre por qu\u00e9 los viajeros conf\u00edan en nuestro servicio de transporte y tours de aventura en La Fortuna. \u00a1Reserva hoy mismo tu traslado en Costa Rica!\",\"breadcrumb\":{\"@id\":\"https:\\\/\\\/volcanotravelcostarica.com\\\/es\\\/resenas\\\/#breadcrumb\"},\"inLanguage\":\"es\",\"potentialAction\":[{\"@type\":\"ReadAction\",\"target\":[\"https:\\\/\\\/volcanotravelcostarica.com\\\/es\\\/resenas\\\/\"]}]},{\"@type\":\"ImageObject\",\"inLanguage\":\"es\",\"@id\":\"https:\\\/\\\/volcanotravelcostarica.com\\\/es\\\/resenas\\\/#primaryimage\",\"url\":\"https:\\\/\\\/volcanotravelcostarica.com\\\/wp-content\\\/uploads\\\/2025\\\/03\\\/Captura-de-pantalla-2025-03-23-202740-png.avif\",\"contentUrl\":\"https:\\\/\\\/volcanotravelcostarica.com\\\/wp-content\\\/uploads\\\/2025\\\/03\\\/Captura-de-pantalla-2025-03-23-202740-png.avif\",\"width\":1352,\"height\":829,\"caption\":\"rese\u00f1as volcano travel costa rica\"},{\"@type\":\"BreadcrumbList\",\"@id\":\"https:\\\/\\\/volcanotravelcostarica.com\\\/es\\\/resenas\\\/#breadcrumb\",\"itemListElement\":[{\"@type\":\"ListItem\",\"position\":1,\"name\":\"Home\",\"item\":\"https:\\\/\\\/volcanotravelcostarica.com\\\/es\\\/inicio\\\/\"},{\"@type\":\"ListItem\",\"position\":2,\"name\":\"Rese\u00f1as\"}]},{\"@type\":\"WebSite\",\"@id\":\"https:\\\/\\\/volcanotravelcostarica.com\\\/es\\\/#website\",\"url\":\"https:\\\/\\\/volcanotravelcostarica.com\\\/es\\\/\",\"name\":\"volcanotravelcostarica.com\",\"description\":\"Private Transport, airport shuttles &amp; Tours\",\"publisher\":{\"@id\":\"https:\\\/\\\/volcanotravelcostarica.com\\\/es\\\/#organization\"},\"alternateName\":\"Costa Rica Airport Shuttle\",\"potentialAction\":[{\"@type\":\"SearchAction\",\"target\":{\"@type\":\"EntryPoint\",\"urlTemplate\":\"https:\\\/\\\/volcanotravelcostarica.com\\\/es\\\/?s={search_term_string}\"},\"query-input\":{\"@type\":\"PropertyValueSpecification\",\"valueRequired\":true,\"valueName\":\"search_term_string\"}}],\"inLanguage\":\"es\"},{\"@type\":\"Organization\",\"@id\":\"https:\\\/\\\/volcanotravelcostarica.com\\\/es\\\/#organization\",\"name\":\"Volcano Travel Costa Rica\",\"url\":\"https:\\\/\\\/volcanotravelcostarica.com\\\/es\\\/\",\"logo\":{\"@type\":\"ImageObject\",\"inLanguage\":\"es\",\"@id\":\"https:\\\/\\\/volcanotravelcostarica.com\\\/es\\\/#\\\/schema\\\/logo\\\/image\\\/\",\"url\":\"https:\\\/\\\/volcanotravelcostarica.com\\\/wp-content\\\/uploads\\\/2023\\\/06\\\/logo-volcanotravel.svg\",\"contentUrl\":\"https:\\\/\\\/volcanotravelcostarica.com\\\/wp-content\\\/uploads\\\/2023\\\/06\\\/logo-volcanotravel.svg\",\"width\":206,\"height\":28,\"caption\":\"Volcano Travel Costa Rica\"},\"image\":{\"@id\":\"https:\\\/\\\/volcanotravelcostarica.com\\\/es\\\/#\\\/schema\\\/logo\\\/image\\\/\"},\"sameAs\":[\"https:\\\/\\\/www.facebook.com\\\/volcanotravelcr\",\"https:\\\/\\\/www.instagram.com\\\/volcanotravelcr\\\/\"]}]}<\/script>\n<!-- \/ Yoast SEO plugin. -->","yoast_head_json":{"title":"Rese\u00f1as - Volcano Travel Costa Rica","description":"Lee rese\u00f1as de clientes reales de Volcano Travel Costa Rica. Descubre por qu\u00e9 los viajeros conf\u00edan en nuestro servicio de transporte y tours de aventura en La Fortuna. \u00a1Reserva hoy mismo tu traslado en Costa Rica!","robots":{"index":"index","follow":"follow","max-snippet":"max-snippet:-1","max-image-preview":"max-image-preview:large","max-video-preview":"max-video-preview:-1"},"canonical":"https:\/\/volcanotravelcostarica.com\/es\/resenas\/","og_locale":"es_ES","og_type":"article","og_title":"Rese\u00f1as - Volcano Travel Costa Rica","og_description":"Lee rese\u00f1as de clientes reales de Volcano Travel Costa Rica. Descubre por qu\u00e9 los viajeros conf\u00edan en nuestro servicio de transporte y tours de aventura en La Fortuna. \u00a1Reserva hoy mismo tu traslado en Costa Rica!","og_url":"https:\/\/volcanotravelcostarica.com\/es\/resenas\/","og_site_name":"Volcano Travel Costa Rica","article_publisher":"https:\/\/www.facebook.com\/volcanotravelcr","article_modified_time":"2026-03-04T04:14:32+00:00","og_image":[{"width":1352,"height":829,"url":"https:\/\/volcanotravelcostarica.com\/wp-content\/uploads\/2025\/03\/Captura-de-pantalla-2025-03-23-202740-png.avif","type":"image\/png"}],"twitter_card":"summary_large_image","twitter_misc":{"Tiempo de lectura":"4 minutos"},"schema":{"@context":"https:\/\/schema.org","@graph":[{"@type":"WebPage","@id":"https:\/\/volcanotravelcostarica.com\/es\/resenas\/","url":"https:\/\/volcanotravelcostarica.com\/es\/resenas\/","name":"Rese\u00f1as - Volcano Travel Costa Rica","isPartOf":{"@id":"https:\/\/volcanotravelcostarica.com\/es\/#website"},"primaryImageOfPage":{"@id":"https:\/\/volcanotravelcostarica.com\/es\/resenas\/#primaryimage"},"image":{"@id":"https:\/\/volcanotravelcostarica.com\/es\/resenas\/#primaryimage"},"thumbnailUrl":"https:\/\/volcanotravelcostarica.com\/wp-content\/uploads\/2025\/03\/Captura-de-pantalla-2025-03-23-202740-png.avif","datePublished":"2025-03-24T02:28:25+00:00","dateModified":"2026-03-04T04:14:32+00:00","description":"Lee rese\u00f1as de clientes reales de Volcano Travel Costa Rica. Descubre por qu\u00e9 los viajeros conf\u00edan en nuestro servicio de transporte y tours de aventura en La Fortuna. \u00a1Reserva hoy mismo tu traslado en Costa Rica!","breadcrumb":{"@id":"https:\/\/volcanotravelcostarica.com\/es\/resenas\/#breadcrumb"},"inLanguage":"es","potentialAction":[{"@type":"ReadAction","target":["https:\/\/volcanotravelcostarica.com\/es\/resenas\/"]}]},{"@type":"ImageObject","inLanguage":"es","@id":"https:\/\/volcanotravelcostarica.com\/es\/resenas\/#primaryimage","url":"https:\/\/volcanotravelcostarica.com\/wp-content\/uploads\/2025\/03\/Captura-de-pantalla-2025-03-23-202740-png.avif","contentUrl":"https:\/\/volcanotravelcostarica.com\/wp-content\/uploads\/2025\/03\/Captura-de-pantalla-2025-03-23-202740-png.avif","width":1352,"height":829,"caption":"rese\u00f1as volcano travel costa rica"},{"@type":"BreadcrumbList","@id":"https:\/\/volcanotravelcostarica.com\/es\/resenas\/#breadcrumb","itemListElement":[{"@type":"ListItem","position":1,"name":"Home","item":"https:\/\/volcanotravelcostarica.com\/es\/inicio\/"},{"@type":"ListItem","position":2,"name":"Rese\u00f1as"}]},{"@type":"WebSite","@id":"https:\/\/volcanotravelcostarica.com\/es\/#website","url":"https:\/\/volcanotravelcostarica.com\/es\/","name":"volcanotravelcostarica.com","description":"Private Transport, airport shuttles &amp; Tours","publisher":{"@id":"https:\/\/volcanotravelcostarica.com\/es\/#organization"},"alternateName":"Costa Rica Airport Shuttle","potentialAction":[{"@type":"SearchAction","target":{"@type":"EntryPoint","urlTemplate":"https:\/\/volcanotravelcostarica.com\/es\/?s={search_term_string}"},"query-input":{"@type":"PropertyValueSpecification","valueRequired":true,"valueName":"search_term_string"}}],"inLanguage":"es"},{"@type":"Organization","@id":"https:\/\/volcanotravelcostarica.com\/es\/#organization","name":"Volcano Travel Costa Rica","url":"https:\/\/volcanotravelcostarica.com\/es\/","logo":{"@type":"ImageObject","inLanguage":"es","@id":"https:\/\/volcanotravelcostarica.com\/es\/#\/schema\/logo\/image\/","url":"https:\/\/volcanotravelcostarica.com\/wp-content\/uploads\/2023\/06\/logo-volcanotravel.svg","contentUrl":"https:\/\/volcanotravelcostarica.com\/wp-content\/uploads\/2023\/06\/logo-volcanotravel.svg","width":206,"height":28,"caption":"Volcano Travel Costa Rica"},"image":{"@id":"https:\/\/volcanotravelcostarica.com\/es\/#\/schema\/logo\/image\/"},"sameAs":["https:\/\/www.facebook.com\/volcanotravelcr","https:\/\/www.instagram.com\/volcanotravelcr\/"]}]}},"_links":{"self":[{"href":"https:\/\/volcanotravelcostarica.com\/es\/wp-json\/wp\/v2\/pages\/5813","targetHints":{"allow":["GET"]}}],"collection":[{"href":"https:\/\/volcanotravelcostarica.com\/es\/wp-json\/wp\/v2\/pages"}],"about":[{"href":"https:\/\/volcanotravelcostarica.com\/es\/wp-json\/wp\/v2\/types\/page"}],"author":[{"embeddable":true,"href":"https:\/\/volcanotravelcostarica.com\/es\/wp-json\/wp\/v2\/users\/3"}],"replies":[{"embeddable":true,"href":"https:\/\/volcanotravelcostarica.com\/es\/wp-json\/wp\/v2\/comments?post=5813"}],"version-history":[{"count":4,"href":"https:\/\/volcanotravelcostarica.com\/es\/wp-json\/wp\/v2\/pages\/5813\/revisions"}],"predecessor-version":[{"id":6213,"href":"https:\/\/volcanotravelcostarica.com\/es\/wp-json\/wp\/v2\/pages\/5813\/revisions\/6213"}],"wp:featuredmedia":[{"embeddable":true,"href":"https:\/\/volcanotravelcostarica.com\/es\/wp-json\/wp\/v2\/media\/5812"}],"wp:attachment":[{"href":"https:\/\/volcanotravelcostarica.com\/es\/wp-json\/wp\/v2\/media?parent=5813"}],"wp:term":[{"taxonomy":"category","embeddable":true,"href":"https:\/\/volcanotravelcostarica.com\/es\/wp-json\/wp\/v2\/categories?post=5813"},{"taxonomy":"post_tag","embeddable":true,"href":"https:\/\/volcanotravelcostarica.com\/es\/wp-json\/wp\/v2\/tags?post=5813"}],"curies":[{"name":"wp","href":"https:\/\/api.w.org\/{rel}","templated":true}]}}