{"id":5801,"date":"2023-06-30T17:47:29","date_gmt":"2023-06-30T23:47:29","guid":{"rendered":"https:\/\/volcanotravelcostarica.com\/contacto\/"},"modified":"2026-03-03T21:59:02","modified_gmt":"2026-03-04T03:59:02","slug":"contacto","status":"publish","type":"page","link":"https:\/\/volcanotravelcostarica.com\/es\/contacto\/","title":{"rendered":"Contacto"},"content":{"rendered":"\t\t<div data-elementor-type=\"wp-page\" data-elementor-id=\"5801\" class=\"elementor elementor-5801 elementor-44\" data-elementor-post-type=\"page\">\n\t\t\t\t\t\t<section class=\"elementor-section elementor-top-section elementor-element elementor-element-9161a70 elementor-section-boxed elementor-section-height-default elementor-section-height-default\" data-id=\"9161a70\" data-element_type=\"section\" data-e-type=\"section\">\n\t\t\t\t\t\t<div class=\"elementor-container elementor-column-gap-default\">\n\t\t\t\t\t<div class=\"elementor-column elementor-col-100 elementor-top-column elementor-element elementor-element-60d9318\" data-id=\"60d9318\" data-element_type=\"column\" data-e-type=\"column\">\n\t\t\t<div class=\"elementor-widget-wrap elementor-element-populated\">\n\t\t\t\t\t\t<div class=\"elementor-element elementor-element-120 elementor-widget__width-initial elementor-widget elementor-widget-global elementor-global-120 elementor-widget-text-editor\" data-id=\"120\" data-element_type=\"widget\" data-e-type=\"widget\" data-widget_type=\"text-editor.default\">\n\t\t\t\t<div class=\"elementor-widget-container\">\n\t\t\t\t\t\t\t\t\t<h2>20 years of delivering<\/h2><h2>quality &amp; unique experiences<\/h2>\t\t\t\t\t\t\t\t<\/div>\n\t\t\t\t<\/div>\n\t\t\t\t<div class=\"elementor-element elementor-element-123 elementor-widget-divider--view-line elementor-widget elementor-widget-global elementor-global-123 elementor-widget-divider\" data-id=\"123\" data-element_type=\"widget\" data-e-type=\"widget\" data-widget_type=\"divider.default\">\n\t\t\t\t<div class=\"elementor-widget-container\">\n\t\t\t\t\t\t\t<div class=\"elementor-divider\">\n\t\t\t<span class=\"elementor-divider-separator\">\n\t\t\t\t\t\t<\/span>\n\t\t<\/div>\n\t\t\t\t\t\t<\/div>\n\t\t\t\t<\/div>\n\t\t\t\t\t<\/div>\n\t\t<\/div>\n\t\t\t\t\t<\/div>\n\t\t<\/section>\n\t\t\t\t<section class=\"elementor-section elementor-top-section elementor-element elementor-element-a7a5e69 elementor-section-boxed elementor-section-height-default elementor-section-height-default\" data-id=\"a7a5e69\" data-element_type=\"section\" data-e-type=\"section\">\n\t\t\t\t\t\t<div class=\"elementor-container elementor-column-gap-default\">\n\t\t\t\t\t<div class=\"elementor-column elementor-col-100 elementor-top-column elementor-element elementor-element-925d7e0\" data-id=\"925d7e0\" data-element_type=\"column\" data-e-type=\"column\">\n\t\t\t<div class=\"elementor-widget-wrap\">\n\t\t\t\t\t\t\t<\/div>\n\t\t<\/div>\n\t\t\t\t\t<\/div>\n\t\t<\/section>\n\t\t\t\t<section class=\"elementor-section elementor-top-section elementor-element elementor-element-9e51cf4 elementor-section-boxed elementor-section-height-default elementor-section-height-default\" data-id=\"9e51cf4\" data-element_type=\"section\" data-e-type=\"section\">\n\t\t\t\t\t\t<div class=\"elementor-container elementor-column-gap-default\">\n\t\t\t\t\t<div class=\"elementor-column elementor-col-50 elementor-top-column elementor-element elementor-element-a5f25df\" data-id=\"a5f25df\" data-element_type=\"column\" data-e-type=\"column\">\n\t\t\t<div class=\"elementor-widget-wrap elementor-element-populated\">\n\t\t\t\t\t\t<div class=\"elementor-element elementor-element-62f7be6 elementor-widget elementor-widget-heading\" data-id=\"62f7be6\" data-element_type=\"widget\" data-e-type=\"widget\" data-widget_type=\"heading.default\">\n\t\t\t\t<div class=\"elementor-widget-container\">\n\t\t\t\t\t<h1 class=\"elementor-heading-title elementor-size-default\">Contacte Volcano Travel Costa Rica<\/h1>\t\t\t\t<\/div>\n\t\t\t\t<\/div>\n\t\t\t\t<div class=\"elementor-element elementor-element-9baa90b elementor-widget elementor-widget-text-editor\" data-id=\"9baa90b\" data-element_type=\"widget\" data-e-type=\"widget\" data-widget_type=\"text-editor.default\">\n\t\t\t\t<div class=\"elementor-widget-container\">\n\t\t\t\t\t\t\t\t\t<p>En nuestro servicio de transporte en Costa Rica, priorizamos tu satisfacci\u00f3n y nuestro objetivo es proporcionarte una experiencia de transporte sin estr\u00e9s. Nuestro equipo de atenci\u00f3n al cliente est\u00e1 disponible 24\/7 para ayudarte con cualquier pregunta o duda que puedas tener antes o durante tu viaje. \u00a1Reserva hoy mismo tu servicio de transporte con nosotros y d\u00e9janos encargarnos de tus necesidades de transporte en Costa Rica!<\/p>\t\t\t\t\t\t\t\t<\/div>\n\t\t\t\t<\/div>\n\t\t\t\t<div class=\"elementor-element elementor-element-cc529c2 elementor-button-align-center elementor-widget elementor-widget-form\" data-id=\"cc529c2\" data-element_type=\"widget\" data-e-type=\"widget\" data-settings=\"{&quot;step_next_label&quot;:&quot;Siguiente&quot;,&quot;step_previous_label&quot;:&quot;Anterior&quot;,&quot;button_width&quot;:&quot;100&quot;,&quot;step_type&quot;:&quot;number_text&quot;,&quot;step_icon_shape&quot;:&quot;circle&quot;}\" data-widget_type=\"form.default\">\n\t\t\t\t<div class=\"elementor-widget-container\">\n\t\t\t\t\t\t\t<form class=\"elementor-form\" method=\"post\" id=\"contact_form_id\" name=\"Cont\u00e1ctanos\" aria-label=\"Cont\u00e1ctanos\">\n\t\t\t<input type=\"hidden\" name=\"post_id\" value=\"5801\"\/>\n\t\t\t<input type=\"hidden\" name=\"form_id\" value=\"cc529c2\"\/>\n\t\t\t<input type=\"hidden\" name=\"referer_title\" value=\"Contacto - Volcano Travel Costa Rica\" \/>\n\n\t\t\t\t\t\t\t<input type=\"hidden\" name=\"queried_id\" value=\"5801\"\/>\n\t\t\t\n\t\t\t<div class=\"elementor-form-fields-wrapper elementor-labels-above\">\n\t\t\t\t\t\t\t\t<div class=\"elementor-field-type-text elementor-field-group elementor-column elementor-field-group-name_contact elementor-col-100 elementor-field-required\">\n\t\t\t\t\t\t\t\t\t\t\t\t\t<input size=\"1\" type=\"text\" name=\"form_fields[name_contact]\" id=\"form-field-name_contact\" class=\"elementor-field elementor-size-sm  elementor-field-textual\" placeholder=\"Nombre\" required=\"required\">\n\t\t\t\t\t\t\t\t\t\t\t<\/div>\n\t\t\t\t\t\t\t\t<div class=\"elementor-field-type-email elementor-field-group elementor-column elementor-field-group-email_contact elementor-col-100 elementor-field-required\">\n\t\t\t\t\t\t\t\t\t\t\t\t\t<input size=\"1\" type=\"email\" name=\"form_fields[email_contact]\" id=\"form-field-email_contact\" class=\"elementor-field elementor-size-sm  elementor-field-textual\" placeholder=\"Correo electr\u00f3nico\" required=\"required\">\n\t\t\t\t\t\t\t\t\t\t\t<\/div>\n\t\t\t\t\t\t\t\t<div class=\"elementor-field-type-tel elementor-field-group elementor-column elementor-field-group-field_9fbb72a elementor-col-100 elementor-field-required\">\n\t\t\t\t\t\t\t<input size=\"1\" type=\"tel\" name=\"form_fields[field_9fbb72a]\" id=\"form-field-field_9fbb72a\" class=\"elementor-field elementor-size-sm  elementor-field-textual\" placeholder=\"Tel\u00e9fono (WhatsApp)\" required=\"required\" pattern=\"[0-9()#&amp;+*-=.]+\" title=\"Solo se aceptan n\u00fameros y caracteres de tel\u00e9fono (#,-,*,etc).\">\n\n\t\t\t\t\t\t<\/div>\n\t\t\t\t\t\t\t\t<div class=\"elementor-field-type-textarea elementor-field-group elementor-column elementor-field-group-message_contact elementor-col-100\">\n\t\t\t\t\t<textarea class=\"elementor-field-textual elementor-field  elementor-size-sm\" name=\"form_fields[message_contact]\" id=\"form-field-message_contact\" rows=\"4\" placeholder=\"Comentarios\"><\/textarea>\t\t\t\t<\/div>\n\t\t\t\t\t\t\t\t<div class=\"elementor-field-group elementor-column elementor-field-type-submit elementor-col-100 e-form__buttons\">\n\t\t\t\t\t<button class=\"elementor-button elementor-size-md\" type=\"submit\">\n\t\t\t\t\t\t<span class=\"elementor-button-content-wrapper\">\n\t\t\t\t\t\t\t\t\t\t\t\t\t\t\t\t\t\t\t\t\t\t<span class=\"elementor-button-text\">Enviar mensaje<\/span>\n\t\t\t\t\t\t\t\t\t\t\t\t\t<\/span>\n\t\t\t\t\t<\/button>\n\t\t\t\t<\/div>\n\t\t\t<\/div>\n\t\t<\/form>\n\t\t\t\t\t\t<\/div>\n\t\t\t\t<\/div>\n\t\t\t\t\t<\/div>\n\t\t<\/div>\n\t\t\t\t<div class=\"elementor-column elementor-col-50 elementor-top-column elementor-element elementor-element-9c326af\" data-id=\"9c326af\" data-element_type=\"column\" data-e-type=\"column\">\n\t\t\t<div class=\"elementor-widget-wrap elementor-element-populated\">\n\t\t\t\t\t\t<div class=\"elementor-element elementor-element-09aecb7 elementor-widget elementor-widget-image\" data-id=\"09aecb7\" data-element_type=\"widget\" data-e-type=\"widget\" data-widget_type=\"image.default\">\n\t\t\t\t<div class=\"elementor-widget-container\">\n\t\t\t\t\t\t\t\t\t\t\t\t\t\t\t<img fetchpriority=\"high\" decoding=\"async\" width=\"800\" height=\"534\" src=\"https:\/\/volcanotravelcostarica.com\/wp-content\/uploads\/2025\/02\/FUJI2948-Mejorado-NR-1024x683.avif\" class=\"attachment-large size-large wp-image-5800\" alt=\"Volcano Travel Costa Rica\" srcset=\"https:\/\/volcanotravelcostarica.com\/wp-content\/uploads\/2025\/02\/FUJI2948-Mejorado-NR-1024x683.avif 1024w, https:\/\/volcanotravelcostarica.com\/wp-content\/uploads\/2025\/02\/FUJI2948-Mejorado-NR-300x200.avif 300w, https:\/\/volcanotravelcostarica.com\/wp-content\/uploads\/2025\/02\/FUJI2948-Mejorado-NR-768x512.avif 768w, https:\/\/volcanotravelcostarica.com\/wp-content\/uploads\/2025\/02\/FUJI2948-Mejorado-NR-1536x1024.avif 1536w, https:\/\/volcanotravelcostarica.com\/wp-content\/uploads\/2025\/02\/FUJI2948-Mejorado-NR-2048x1365.avif 2048w, https:\/\/volcanotravelcostarica.com\/wp-content\/uploads\/2025\/02\/FUJI2948-Mejorado-NR-600x400.avif 600w\" sizes=\"(max-width: 800px) 100vw, 800px\" \/>\t\t\t\t\t\t\t\t\t\t\t\t\t\t\t<\/div>\n\t\t\t\t<\/div>\n\t\t\t\t\t<\/div>\n\t\t<\/div>\n\t\t\t\t\t<\/div>\n\t\t<\/section>\n\t\t\t\t<\/div>\n\t\t","protected":false},"excerpt":{"rendered":"<p>\u00bfNecesitas un traslado al aeropuerto o traslados por Costa Rica? Contacta con nosotros 24\/7 para un transporte fiable, tours y asistencia de viaje personalizada. \u00a1Comienza tu aventura hoy mismo!<\/p>\n","protected":false},"author":1,"featured_media":0,"parent":0,"menu_order":0,"comment_status":"closed","ping_status":"closed","template":"elementor_header_footer","meta":{"footnotes":""},"categories":[],"tags":[],"class_list":["post-5801","page","type-page","status-publish","hentry"],"yoast_head":"<!-- This site is optimized with the Yoast SEO plugin v27.4 - https:\/\/yoast.com\/product\/yoast-seo-wordpress\/ -->\n<title>Contacto - Volcano Travel Costa Rica<\/title>\n<meta name=\"description\" content=\"\u00bfNecesitas un traslado al aeropuerto o traslados por Costa Rica? Contacta con nosotros 24\/7 para un transporte fiable, tours y asistencia de viaje personalizada. \u00a1Comienza tu aventura hoy mismo!\" \/>\n<meta name=\"robots\" content=\"index, follow, max-snippet:-1, max-image-preview:large, max-video-preview:-1\" \/>\n<link rel=\"canonical\" href=\"https:\/\/volcanotravelcostarica.com\/es\/contacto\/\" \/>\n<meta property=\"og:locale\" content=\"es_ES\" \/>\n<meta property=\"og:type\" content=\"article\" \/>\n<meta property=\"og:title\" content=\"Contacto - Volcano Travel Costa Rica\" \/>\n<meta property=\"og:description\" content=\"\u00bfNecesitas un traslado al aeropuerto o traslados por Costa Rica? Contacta con nosotros 24\/7 para un transporte fiable, tours y asistencia de viaje personalizada. \u00a1Comienza tu aventura hoy mismo!\" \/>\n<meta property=\"og:url\" content=\"https:\/\/volcanotravelcostarica.com\/es\/contacto\/\" \/>\n<meta property=\"og:site_name\" content=\"Volcano Travel Costa Rica\" \/>\n<meta property=\"article:publisher\" content=\"https:\/\/www.facebook.com\/volcanotravelcr\" \/>\n<meta property=\"article:modified_time\" content=\"2026-03-04T03:59:02+00:00\" \/>\n<meta property=\"og:image\" content=\"https:\/\/volcanotravelcostarica.com\/wp-content\/uploads\/2025\/02\/FUJI2948-Mejorado-NR-scaled.avif\" \/>\n\t<meta property=\"og:image:width\" content=\"2560\" \/>\n\t<meta property=\"og:image:height\" content=\"1707\" \/>\n\t<meta property=\"og:image:type\" content=\"image\/jpeg\" \/>\n<meta name=\"twitter:card\" content=\"summary_large_image\" \/>\n<meta name=\"twitter:label1\" content=\"Tiempo de lectura\" \/>\n\t<meta name=\"twitter:data1\" content=\"1 minuto\" \/>\n<script type=\"application\/ld+json\" class=\"yoast-schema-graph\">{\"@context\":\"https:\\\/\\\/schema.org\",\"@graph\":[{\"@type\":\"WebPage\",\"@id\":\"https:\\\/\\\/volcanotravelcostarica.com\\\/es\\\/contacto\\\/\",\"url\":\"https:\\\/\\\/volcanotravelcostarica.com\\\/es\\\/contacto\\\/\",\"name\":\"Contacto - Volcano Travel Costa Rica\",\"isPartOf\":{\"@id\":\"https:\\\/\\\/volcanotravelcostarica.com\\\/es\\\/#website\"},\"primaryImageOfPage\":{\"@id\":\"https:\\\/\\\/volcanotravelcostarica.com\\\/es\\\/contacto\\\/#primaryimage\"},\"image\":{\"@id\":\"https:\\\/\\\/volcanotravelcostarica.com\\\/es\\\/contacto\\\/#primaryimage\"},\"thumbnailUrl\":\"https:\\\/\\\/volcanotravelcostarica.com\\\/wp-content\\\/uploads\\\/2025\\\/02\\\/FUJI2948-Mejorado-NR-1024x683.avif\",\"datePublished\":\"2023-06-30T23:47:29+00:00\",\"dateModified\":\"2026-03-04T03:59:02+00:00\",\"description\":\"\u00bfNecesitas un traslado al aeropuerto o traslados por Costa Rica? Contacta con nosotros 24\\\/7 para un transporte fiable, tours y asistencia de viaje personalizada. \u00a1Comienza tu aventura hoy mismo!\",\"breadcrumb\":{\"@id\":\"https:\\\/\\\/volcanotravelcostarica.com\\\/es\\\/contacto\\\/#breadcrumb\"},\"inLanguage\":\"es\",\"potentialAction\":[{\"@type\":\"ReadAction\",\"target\":[\"https:\\\/\\\/volcanotravelcostarica.com\\\/es\\\/contacto\\\/\"]}]},{\"@type\":\"ImageObject\",\"inLanguage\":\"es\",\"@id\":\"https:\\\/\\\/volcanotravelcostarica.com\\\/es\\\/contacto\\\/#primaryimage\",\"url\":\"https:\\\/\\\/volcanotravelcostarica.com\\\/wp-content\\\/uploads\\\/2025\\\/02\\\/FUJI2948-Mejorado-NR-1024x683.avif\",\"contentUrl\":\"https:\\\/\\\/volcanotravelcostarica.com\\\/wp-content\\\/uploads\\\/2025\\\/02\\\/FUJI2948-Mejorado-NR-1024x683.avif\"},{\"@type\":\"BreadcrumbList\",\"@id\":\"https:\\\/\\\/volcanotravelcostarica.com\\\/es\\\/contacto\\\/#breadcrumb\",\"itemListElement\":[{\"@type\":\"ListItem\",\"position\":1,\"name\":\"Home\",\"item\":\"https:\\\/\\\/volcanotravelcostarica.com\\\/es\\\/inicio\\\/\"},{\"@type\":\"ListItem\",\"position\":2,\"name\":\"Contacto\"}]},{\"@type\":\"WebSite\",\"@id\":\"https:\\\/\\\/volcanotravelcostarica.com\\\/es\\\/#website\",\"url\":\"https:\\\/\\\/volcanotravelcostarica.com\\\/es\\\/\",\"name\":\"volcanotravelcostarica.com\",\"description\":\"Private Transport, airport shuttles &amp; Tours\",\"publisher\":{\"@id\":\"https:\\\/\\\/volcanotravelcostarica.com\\\/es\\\/#organization\"},\"alternateName\":\"Costa Rica Airport Shuttle\",\"potentialAction\":[{\"@type\":\"SearchAction\",\"target\":{\"@type\":\"EntryPoint\",\"urlTemplate\":\"https:\\\/\\\/volcanotravelcostarica.com\\\/es\\\/?s={search_term_string}\"},\"query-input\":{\"@type\":\"PropertyValueSpecification\",\"valueRequired\":true,\"valueName\":\"search_term_string\"}}],\"inLanguage\":\"es\"},{\"@type\":\"Organization\",\"@id\":\"https:\\\/\\\/volcanotravelcostarica.com\\\/es\\\/#organization\",\"name\":\"Volcano Travel Costa Rica\",\"url\":\"https:\\\/\\\/volcanotravelcostarica.com\\\/es\\\/\",\"logo\":{\"@type\":\"ImageObject\",\"inLanguage\":\"es\",\"@id\":\"https:\\\/\\\/volcanotravelcostarica.com\\\/es\\\/#\\\/schema\\\/logo\\\/image\\\/\",\"url\":\"https:\\\/\\\/volcanotravelcostarica.com\\\/wp-content\\\/uploads\\\/2023\\\/06\\\/logo-volcanotravel.svg\",\"contentUrl\":\"https:\\\/\\\/volcanotravelcostarica.com\\\/wp-content\\\/uploads\\\/2023\\\/06\\\/logo-volcanotravel.svg\",\"width\":206,\"height\":28,\"caption\":\"Volcano Travel Costa Rica\"},\"image\":{\"@id\":\"https:\\\/\\\/volcanotravelcostarica.com\\\/es\\\/#\\\/schema\\\/logo\\\/image\\\/\"},\"sameAs\":[\"https:\\\/\\\/www.facebook.com\\\/volcanotravelcr\",\"https:\\\/\\\/www.instagram.com\\\/volcanotravelcr\\\/\"]}]}<\/script>\n<!-- \/ Yoast SEO plugin. -->","yoast_head_json":{"title":"Contacto - Volcano Travel Costa Rica","description":"\u00bfNecesitas un traslado al aeropuerto o traslados por Costa Rica? Contacta con nosotros 24\/7 para un transporte fiable, tours y asistencia de viaje personalizada. \u00a1Comienza tu aventura hoy mismo!","robots":{"index":"index","follow":"follow","max-snippet":"max-snippet:-1","max-image-preview":"max-image-preview:large","max-video-preview":"max-video-preview:-1"},"canonical":"https:\/\/volcanotravelcostarica.com\/es\/contacto\/","og_locale":"es_ES","og_type":"article","og_title":"Contacto - Volcano Travel Costa Rica","og_description":"\u00bfNecesitas un traslado al aeropuerto o traslados por Costa Rica? Contacta con nosotros 24\/7 para un transporte fiable, tours y asistencia de viaje personalizada. \u00a1Comienza tu aventura hoy mismo!","og_url":"https:\/\/volcanotravelcostarica.com\/es\/contacto\/","og_site_name":"Volcano Travel Costa Rica","article_publisher":"https:\/\/www.facebook.com\/volcanotravelcr","article_modified_time":"2026-03-04T03:59:02+00:00","og_image":[{"width":2560,"height":1707,"url":"https:\/\/volcanotravelcostarica.com\/wp-content\/uploads\/2025\/02\/FUJI2948-Mejorado-NR-scaled.avif","type":"image\/jpeg"}],"twitter_card":"summary_large_image","twitter_misc":{"Tiempo de lectura":"1 minuto"},"schema":{"@context":"https:\/\/schema.org","@graph":[{"@type":"WebPage","@id":"https:\/\/volcanotravelcostarica.com\/es\/contacto\/","url":"https:\/\/volcanotravelcostarica.com\/es\/contacto\/","name":"Contacto - Volcano Travel Costa Rica","isPartOf":{"@id":"https:\/\/volcanotravelcostarica.com\/es\/#website"},"primaryImageOfPage":{"@id":"https:\/\/volcanotravelcostarica.com\/es\/contacto\/#primaryimage"},"image":{"@id":"https:\/\/volcanotravelcostarica.com\/es\/contacto\/#primaryimage"},"thumbnailUrl":"https:\/\/volcanotravelcostarica.com\/wp-content\/uploads\/2025\/02\/FUJI2948-Mejorado-NR-1024x683.avif","datePublished":"2023-06-30T23:47:29+00:00","dateModified":"2026-03-04T03:59:02+00:00","description":"\u00bfNecesitas un traslado al aeropuerto o traslados por Costa Rica? Contacta con nosotros 24\/7 para un transporte fiable, tours y asistencia de viaje personalizada. \u00a1Comienza tu aventura hoy mismo!","breadcrumb":{"@id":"https:\/\/volcanotravelcostarica.com\/es\/contacto\/#breadcrumb"},"inLanguage":"es","potentialAction":[{"@type":"ReadAction","target":["https:\/\/volcanotravelcostarica.com\/es\/contacto\/"]}]},{"@type":"ImageObject","inLanguage":"es","@id":"https:\/\/volcanotravelcostarica.com\/es\/contacto\/#primaryimage","url":"https:\/\/volcanotravelcostarica.com\/wp-content\/uploads\/2025\/02\/FUJI2948-Mejorado-NR-1024x683.avif","contentUrl":"https:\/\/volcanotravelcostarica.com\/wp-content\/uploads\/2025\/02\/FUJI2948-Mejorado-NR-1024x683.avif"},{"@type":"BreadcrumbList","@id":"https:\/\/volcanotravelcostarica.com\/es\/contacto\/#breadcrumb","itemListElement":[{"@type":"ListItem","position":1,"name":"Home","item":"https:\/\/volcanotravelcostarica.com\/es\/inicio\/"},{"@type":"ListItem","position":2,"name":"Contacto"}]},{"@type":"WebSite","@id":"https:\/\/volcanotravelcostarica.com\/es\/#website","url":"https:\/\/volcanotravelcostarica.com\/es\/","name":"volcanotravelcostarica.com","description":"Private Transport, airport shuttles &amp; Tours","publisher":{"@id":"https:\/\/volcanotravelcostarica.com\/es\/#organization"},"alternateName":"Costa Rica Airport Shuttle","potentialAction":[{"@type":"SearchAction","target":{"@type":"EntryPoint","urlTemplate":"https:\/\/volcanotravelcostarica.com\/es\/?s={search_term_string}"},"query-input":{"@type":"PropertyValueSpecification","valueRequired":true,"valueName":"search_term_string"}}],"inLanguage":"es"},{"@type":"Organization","@id":"https:\/\/volcanotravelcostarica.com\/es\/#organization","name":"Volcano Travel Costa Rica","url":"https:\/\/volcanotravelcostarica.com\/es\/","logo":{"@type":"ImageObject","inLanguage":"es","@id":"https:\/\/volcanotravelcostarica.com\/es\/#\/schema\/logo\/image\/","url":"https:\/\/volcanotravelcostarica.com\/wp-content\/uploads\/2023\/06\/logo-volcanotravel.svg","contentUrl":"https:\/\/volcanotravelcostarica.com\/wp-content\/uploads\/2023\/06\/logo-volcanotravel.svg","width":206,"height":28,"caption":"Volcano Travel Costa Rica"},"image":{"@id":"https:\/\/volcanotravelcostarica.com\/es\/#\/schema\/logo\/image\/"},"sameAs":["https:\/\/www.facebook.com\/volcanotravelcr","https:\/\/www.instagram.com\/volcanotravelcr\/"]}]}},"_links":{"self":[{"href":"https:\/\/volcanotravelcostarica.com\/es\/wp-json\/wp\/v2\/pages\/5801","targetHints":{"allow":["GET"]}}],"collection":[{"href":"https:\/\/volcanotravelcostarica.com\/es\/wp-json\/wp\/v2\/pages"}],"about":[{"href":"https:\/\/volcanotravelcostarica.com\/es\/wp-json\/wp\/v2\/types\/page"}],"author":[{"embeddable":true,"href":"https:\/\/volcanotravelcostarica.com\/es\/wp-json\/wp\/v2\/users\/1"}],"replies":[{"embeddable":true,"href":"https:\/\/volcanotravelcostarica.com\/es\/wp-json\/wp\/v2\/comments?post=5801"}],"version-history":[{"count":5,"href":"https:\/\/volcanotravelcostarica.com\/es\/wp-json\/wp\/v2\/pages\/5801\/revisions"}],"predecessor-version":[{"id":6209,"href":"https:\/\/volcanotravelcostarica.com\/es\/wp-json\/wp\/v2\/pages\/5801\/revisions\/6209"}],"wp:attachment":[{"href":"https:\/\/volcanotravelcostarica.com\/es\/wp-json\/wp\/v2\/media?parent=5801"}],"wp:term":[{"taxonomy":"category","embeddable":true,"href":"https:\/\/volcanotravelcostarica.com\/es\/wp-json\/wp\/v2\/categories?post=5801"},{"taxonomy":"post_tag","embeddable":true,"href":"https:\/\/volcanotravelcostarica.com\/es\/wp-json\/wp\/v2\/tags?post=5801"}],"curies":[{"name":"wp","href":"https:\/\/api.w.org\/{rel}","templated":true}]}}